{"id":10,"date":"2019-07-04T23:32:10","date_gmt":"2019-07-04T23:32:10","guid":{"rendered":"http:\/\/initiative-rixdorfer.org\/?page_id=10"},"modified":"2022-05-10T13:07:03","modified_gmt":"2022-05-10T13:07:03","slug":"termine","status":"publish","type":"page","link":"https:\/\/initiative-rixdorfer.org\/?page_id=10","title":{"rendered":"TERMINE"},"content":{"rendered":"\r\n<h2><strong>Spezielle Termine<\/strong><\/h2>\r\n<p><strong>TAG DER OFFENEN T\u00dcR AN DER RIXDORFER GRUNDSCHULE<\/strong><\/p>\r\n<p>\r\n\r\n<\/p>\r\n<p>Am<strong>\u00a013. Mai 2022\u00a0<\/strong>findet <b>zwischen 10 Uhr und 15:30 Uhr <\/b>der Tag der offenen T\u00fcr statt, an dem ihr euch einen Eindruck von der Schule und zum Teil auch von Kollegium und Leitung verschaffen k\u00f6nnt.<\/p>\r\n<p>\r\n\r\n<\/p>\r\n<p>Daf\u00fcr findet ihr von <strong>9:45 Uhr bis ca. 13:15 Uhr<\/strong> eine offene Schule vor. Hier sind verschiedene\u00a0<strong>R\u00e4ume<\/strong> f\u00fcr euch ge\u00f6ffnet, die im Rahmen der <strong>von unseren Kindern geleiteten F\u00fchrungen\u00a0<\/strong>besichtigt werden k\u00f6nnen. Seitens der Schule stehen <strong>Ansprechpartner<\/strong> zur Verf\u00fcgung. Neben den Klassen- und Betreuungsr\u00e4umen gibt es bei der F\u00fchrung insb. diese Orte zu sehen: <strong>Lernwerkstatt, Mathematische Insel, Leseraum, Turnhallen, Schulsozialarbeit, \u201eInsel der Harmonie\u201c, PC-R\u00e4ume, Schulgarten und Mensen<\/strong>.<\/p>\r\n<p>\r\n\r\n<\/p>\r\n<p>Von<strong> 15 Uhr bis 16:30 Uhr <\/strong>wird es eine <strong>offene Diskussion mit der Vertretern der Schule und der Schulleitung <\/strong>geben. Hier k\u00f6nnt ihr all eure Fragen stellen.<\/p>\r\n<p>\r\n\r\n<\/p>\r\n<p>&nbsp;<\/p>\r\n<p><strong>SOMMERFEST AN DER RIXDORFER GRUNDSCHULE<\/strong><\/p>\r\n<p>\r\n\r\n<\/p>\r\n<p>Am<strong>\u00a031. Mai 2022\u00a0<\/strong>findet unser<b>\u00a0Sommerfest<\/b>\u00a0auf dem Schulgel\u00e4nde statt. Au\u00dferdem wird die Donaustra\u00dfe vor der Schule abgesperrt und mit Unterst\u00fctzung durch unser Quartiersmanagement mit Spielm\u00f6glichkeiten f\u00fcr Kinder ausgestattet.<\/p>\r\n<p>Weitere Infos folgen bald.<\/p>\r\n<p>\r\n\r\n<\/p>\r\n<p>\r\n\r\n<\/p>\r\n<!--<h4><strong><br \/>N\u00c4CHSTES TREFFEN DER INITIATIVE RIXDORFER<\/strong><\/h4>\r\n<p>am <strong>19. September 2019<\/strong><br \/>Zeit: <strong>18:30 Uhr<\/strong><br \/><strong>Ort: Quartiersmanagement Donaustra\u00dfe-Nord (Donaustra\u00dfe 7). Direkt gegen\u00fcber<span data-mce-type=\"bookmark\" style=\"display: inline-block; width: 0px; overflow: hidden; line-height: 0;\" class=\"mce_SELRES_start\"><\/span><span data-mce-type=\"bookmark\" style=\"display: inline-block; width: 0px; overflow: hidden; line-height: 0;\" class=\"mce_SELRES_start\"><span data-mce-type=\"bookmark\" style=\"display: inline-block; width: 0px; overflow: hidden; line-height: 0;\" class=\"mce_SELRES_start\"><\/span><\/span> vom Eingang zur Rixdorfer Grundschule.<\/strong><\/p> --><!--\r\n\r\n<p>&nbsp;<\/p>\r\n<figure><iframe loading=\"lazy\" src=\"https:\/\/www.google.com\/maps\/embed?pb=!1m18!1m12!1m3!1d2429.691890803775!2d13.428430051484016!3d52.48471414649677!2m3!1f0!2f0!3f0!3m2!1i1024!2i768!4f13.1!3m3!1m2!1s0x47a84fba6618403d%3A0x514c71bdabe24d99!2sDonaustra%C3%9Fe%207%2C%2012043%20Berlin!5e0!3m2!1sde!2sde!4v1568289385876!5m2!1sde!2sde\" width=\"300\" height=\"300\" allowfullscreen=\"allowfullscreen\"><span data-mce-type=\"bookmark\" style=\"display: inline-block; width: 0px; overflow: hidden; line-height: 0;\" class=\"mce_SELRES_end\"><span data-mce-type=\"bookmark\" style=\"display: inline-block; width: 0px; overflow: hidden; line-height: 0;\" class=\"mce_SELRES_start\"><span data-mce-type=\"bookmark\" style=\"display: inline-block; width: 0px; overflow: hidden; line-height: 0;\" class=\"mce_SELRES_start\"><\/span><\/span><\/span><\/iframe><\/figure>\r\n\r\n-->\r\n<h2><strong>Allgemeine Termine<\/strong><\/h2>\r\n<p><strong>SCHULANMELDUNG<\/strong> <strong>2020<\/strong><br \/>Die Anmeldung f\u00fcr das Schuljahr 2022\/23 muss zwischen dem 27. September 2021 und dem 8. Oktober 2021 stattfinden. Eure Einzugsschule k\u00f6nnt Ihr <a href=\"https:\/\/www.bildung.berlin.de\/Umkreissuche\/\" target=\"_blank\" rel=\"noreferrer noopener\" aria-label=\" (\u00f6ffnet in neuem Tab)\">hier<\/a> herausfinden.<\/p>\r\n<p>\r\n\r\n<\/p>\r\n<p><strong>27. August 2022 \u2013 EINSCHULUNG 2022<\/strong><br \/>Die Einschulungsfeiern finden laut Berliner Senat voraussichtlich am 27. August 2022 (Samstag) statt. Der regul\u00e4re Unterricht soll f\u00fcr die neuen Schulkinder am darauffolgenden 29. August 2022 (Montag) beginnen.<\/p>\r\n<p><\/p>\r\n<h2><strong>Vergangene Termine (Auswahl)<\/strong><\/h2>\r\n<h4><strong>Informationstreffen:<\/strong><\/h4>\r\n<p>Informationstreffen der Initiative fanden insbesondere 2019 statt.<\/p>\r\n<h4><strong>Treffen der Kinder und Eltern:<\/strong><\/h4>\r\n<p>Kinder (und Eltern) unserer Klassen treffen sich freilich auch au\u00dferhalb der Schule. Wer \u00fcberlegt, sein Kind an die Rixdorfer Grundschule zu geben, kann gerne mit uns Kontakt aufnehmen.<\/p>\r\n<h4><strong>13.09.2019 \u2013 TAG DER OFFENEN T\u00dcR\u00a0<\/strong><\/h4>\r\n<p><strong>Den Tag hatte die Schule unter das Motto gestellt: &#8222;Eine moderne und engagierte Schule stellt sich vor.&#8220; Das k\u00f6nnen wir best\u00e4tigen!<\/strong><\/p>\r\n<p>Der Tag der offenen T\u00fcr der Rixdorfer Grundschule am 13.09.2019 wurde sehr gut angenommen. Es kamen viele Eltern aus dem Kiez, um sich die Schule anzusehen. Einige blieben sogar oder kamen nochmals vorbei, um an der abschlie\u00dfen Diskussionsrunde mit dem Schulleiter Herrn Kolbe und den Kolleginnen und Kollegen aus den verschiedenen Zust\u00e4ndigkeitsbereichen (Leitung, Organisation, Sozialarbeit, Kollegium) teilzunehmen.<\/p>\r\n<p>Gefreut haben wir uns auch \u00fcber den Besuch von Frau Ladwig (Schulaufsicht) und Frau Korte (Bildungsstadtr\u00e4tin).<\/p>\r\n<p>An dieser Stelle nochmals herzlichen Dank an alle Beteiligten, die den Tag der offenen T\u00fcr zu einem hoffentlich sch\u00f6nen Tag f\u00fcr alle gemacht haben. Dies gilt in besonderem Ma\u00dfe f\u00fcr die Kinder, die den Besuchereltern gerne und teilweise sehr ausgiebige F\u00fchrungen geboten haben.<\/p>\r\n<h4><strong>13.09.2020 \u2013 TAG DER OFFENEN T\u00dcR\u00a0<\/strong><\/h4>\r\n<p>Der Tag der offenen T\u00fcr der Rixdorfer Grundschule wurde erneut sehr gut angenommen. Es kamen viele Eltern aus dem Kiez, um sich die Schule anzusehen. Einige blieben uns erhalten. Top!<\/p>\r\n<h4><strong>13.09.2020 \u2013 TAG DER OFFENEN T\u00dcR\u00a0<\/strong><\/h4>\r\n<p>Der Tag der offenen T\u00fcr der Rixdorfer Grundschule wurde erneut sehr gut angenommen. Es kamen viele Eltern aus dem Kiez, um sich die Schule anzusehen. Einige blieben uns erhalten. Top!<\/p>\r\n<p><!-- \/wp:paragraph --><\/p>","protected":false},"excerpt":{"rendered":"<p>Spezielle Termine TAG DER OFFENEN T\u00dcR AN DER RIXDORFER GRUNDSCHULE Am\u00a013. Mai 2022\u00a0findet zwischen 10 Uhr und 15:30 Uhr der Tag der offenen T\u00fcr statt, an dem ihr euch einen Eindruck von der Schule und<\/p>\n","protected":false},"author":1,"featured_media":0,"parent":0,"menu_order":0,"comment_status":"closed","ping_status":"closed","template":"","meta":[],"_links":{"self":[{"href":"https:\/\/initiative-rixdorfer.org\/index.php?rest_route=\/wp\/v2\/pages\/10"}],"collection":[{"href":"https:\/\/initiative-rixdorfer.org\/index.php?rest_route=\/wp\/v2\/pages"}],"about":[{"href":"https:\/\/initiative-rixdorfer.org\/index.php?rest_route=\/wp\/v2\/types\/page"}],"author":[{"embeddable":true,"href":"https:\/\/initiative-rixdorfer.org\/index.php?rest_route=\/wp\/v2\/users\/1"}],"replies":[{"embeddable":true,"href":"https:\/\/initiative-rixdorfer.org\/index.php?rest_route=%2Fwp%2Fv2%2Fcomments&post=10"}],"version-history":[{"count":58,"href":"https:\/\/initiative-rixdorfer.org\/index.php?rest_route=\/wp\/v2\/pages\/10\/revisions"}],"predecessor-version":[{"id":532,"href":"https:\/\/initiative-rixdorfer.org\/index.php?rest_route=\/wp\/v2\/pages\/10\/revisions\/532"}],"wp:attachment":[{"href":"https:\/\/initiative-rixdorfer.org\/index.php?rest_route=%2Fwp%2Fv2%2Fmedia&parent=10"}],"curies":[{"name":"wp","href":"https:\/\/api.w.org\/{rel}","templated":true}]}}