{"id":12,"date":"2019-07-04T23:32:10","date_gmt":"2019-07-04T23:32:10","guid":{"rendered":"http:\/\/initiative-rixdorfer.org\/?page_id=12"},"modified":"2022-05-10T09:45:31","modified_gmt":"2022-05-10T09:45:31","slug":"die-schule","status":"publish","type":"page","link":"https:\/\/initiative-rixdorfer.org\/?page_id=12","title":{"rendered":"SCHULE"},"content":{"rendered":"\r\n<p class=\"has-medium-font-size\">DIE RIXDORFER GRUNDSCHULE FR\u00dcHER<\/p>\r\n\r\n\r\n\r\n<p><em>Die Schule wurde in den Jahren 1910 bis 1913 erbaut und war nach ihrer Fertigstellung im Jahre 1914 die erste M\u00e4dchenmittelschule und zugleich gr\u00f6\u00dfte Schule Deutschlands. Sie wurde wie das Neuk\u00f6llner Rathaus und das Stadtbad Neuk\u00f6lln insbesondere von dem Architekten und Beamten (Stadtbaurat) Reinhold Kiehl geplant. Zu seinen Ehren wurde das K\u00f6llnische Ufer in Kiehlufer umbenannt.<\/em><\/p>\r\n\r\n\r\n\r\n<p class=\"has-medium-font-size\">DIE RIXDORFER GRUNDSCHULE HEUTE<\/p>\r\n\r\n\r\n\r\n<p><em><strong>Nach unserem Eindruck bietet die Schule viel Raum und Betreuung, eine engagierte Leitung, ein kompetentes Kollegium (inkl. Betreuer, Sozialarbeiter) und ein sehr zuvorkommendes Sekretariat. Nachstehend einige stichpunktartige Informationen \u00fcber die wesentlichen Vorteile und Angebote der Rixdorfer Grundschule aus unserer Sicht.<\/strong><\/em><\/p>\r\n\r\n\r\n\r\n<p><strong><em>Die Schule ist sehr offen und bietet gerne Hospitationen an. Interessierte Eltern k\u00f6nnen sich jederzeit mit dem Sekretariat (Telefon: 030\/6139260) der Schule zwecks Terminvereinbarung in Verbindung setzen. Ansonsten k\u00f6nnen wir auch gerne vermitteln.<\/em><\/strong><\/p>\r\n\r\n\r\n\r\n<ul>\r\n<li><strong>Gebundene Ganztagsschule<\/strong>\r\n<ul>\r\n<li>Der Unterricht findet auf die Zeiten zwischen 8 Uhr bis 16 Uhr verteilt statt.<\/li>\r\n<li>Informationen zur Rixdorfer Grundschule als Ganztagsschule findet Ihr <a href=\"http:\/\/www.berlin.ganztaegig-lernen.de\/sites\/default\/files\/08G01.pdf\" target=\"_blank\" rel=\"noreferrer noopener\" aria-label=\" (\u00f6ffnet in neuem Tab)\">hier<\/a> und zum Konzept der Ganztagsschulen in Berlin <a href=\"https:\/\/www.berlin.de\/sen\/bildung\/schule\/ganztaegiges-lernen\/ganztagsschulen\/\" target=\"_blank\" rel=\"noreferrer noopener\" aria-label=\" (\u00f6ffnet in neuem Tab)\">hier<\/a>.<\/li>\r\n<\/ul>\r\n<\/li>\r\n<li><strong>Betreuung auch au\u00dferhalb der Schulzeiten m\u00f6glich.<\/strong>\r\n<ul>\r\n<li>Bei Bedarf ist eine Fr\u00fch- und\/oder Sp\u00e4tbetreuung von 6 Uhr bis 18 Uhr (Kern-\/Schulzeit: 8-16 Uhr, Hofbetreuung ab 7:30 Uhr) m\u00f6glich.<\/li>\r\n<li>Ferienbetreuung wird nach Bedarf erm\u00f6glicht.<\/li>\r\n<\/ul>\r\n<\/li>\r\n<li><strong>Gesunde und g\u00fcnstige Ern\u00e4hrung.<\/strong>\r\n<ul>\r\n<li>Das Mittagessen ist kostenfrei und erfolgt durch einen Bio-Caterer (<a href=\"https:\/\/www.luna.de\/unser-essen\/Vollwertkost\/\">LUNA<\/a>) mit nachhaltiger Vollwertkost.<\/li>\r\n<\/ul>\r\n<\/li>\r\n<li><strong>Zus\u00e4tzliche Lehr- und Betreuungsr\u00e4ume.<\/strong><br \/>\r\n<ul>\r\n<li>Mathewerkstatt (neu seit 2022), Leseraum\/Schulb\u00fccherei, Lernwerkstatt, Insel der Harmonie, Computerraum, Freizeitr\u00e4ume.<\/li>\r\n<\/ul>\r\n<\/li>\r\n<li><strong>Freitags flexible Abholungszeiten.<\/strong><br \/>\r\n<ul>\r\n<li>Freitags besteht die M\u00f6glichkeit, die Kinder fr\u00fcher (ca. 14 Uhr) abzuholen.<\/li>\r\n<\/ul>\r\n<\/li>\r\n<li><strong>JabL<\/strong> \u2013 jahrgangsbezogenes Lernen.\r\n<ul>\r\n<li>Der Unterricht\u00a0findet in jahrgangsbezogenen Klassen statt. Die Schule hat sich bewusst gegen das jahrgangs\u00fcbergreifende Lernen (J\u00dcL) entschieden.<\/li>\r\n<\/ul>\r\n<\/li>\r\n<li><strong>Alles findet an einem Ort statt.<\/strong>\r\n<ul>\r\n<li>Unterricht, Essens- und Freizeitpausen, Erholungs- und Spielpausen, Freizeit, Mittagessen, Fr\u00fch-\/Sp\u00e4tbetreuung, Sport.<\/li>\r\n<li>Die Kinder m\u00fcssen f\u00fcr keine der schulischen Aktivit\u00e4ten das Schulgel\u00e4nde verlassen.<\/li>\r\n<\/ul>\r\n<\/li>\r\n<li><strong>Gro\u00dfes Angebot an Schulsozialarbeit.<\/strong>\r\n<ul>\r\n<li>Diese findet in Form von beispielsweise Beratungsgespr\u00e4chen oder sozialen Trainings-\/St\u00fctzstunden mit den klassenbezogenen Erziehern w\u00e4hrend der Unterrichtszeit statt. Weitere Informationen findet Ihr <a href=\"https:\/\/rixdorfer.schule.de\/schulbetrieb\/schulsozialarbeit\/\" target=\"_blank\" rel=\"noreferrer noopener\" aria-label=\" (\u00f6ffnet in neuem Tab)\">hier<\/a>.<\/li>\r\n<\/ul>\r\n<\/li>\r\n<li><strong>Viel Lehr- und Betreuungspersonal.<\/strong>\r\n<ul>\r\n<li>Jede Klasse hat einen Klassenlehrer, einen Erzieher und zwei R\u00e4ume zu ihrer Verf\u00fcgung.<\/li>\r\n<li>P\u00e4dagogische Fortbildung bspw. in Form der Kooperation mit der Initiative <a href=\"http:\/\/www.ein-quadratkilometer-bildung.org\/wo\/berlin-neukoelln\">Ein Quadratkilometer Bildung \/ P\u00e4dagogische Werkstatt<\/a>\u00a0im Rahmen moderierter\u00a0Unterrichts- und Schulentwicklungsklausuren.\u00a0<\/li>\r\n<\/ul>\r\n<\/li>\r\n<li><strong>Zweisprachigkeit (ZwErz)\/Sprachkompetenz fr\u00fchzeitig m\u00f6glich<\/strong>.\r\n<ul>\r\n<li>In jeweils einem Klassenzug pro Jahrgang wird die M\u00f6glichkeit zur zweisprachigen Erziehung bzw. zum zweisprachigen Lernen T\u00fcrkisch-Deutsch geboten. Kinder aus nicht-t\u00fcrkischsprachigen Familien k\u00f6nnen mit dieser Klasse T\u00fcrkisch als Begegnungssprache w\u00e4hlen.<\/li>\r\n<\/ul>\r\n<\/li>\r\n<li><strong>Tempor\u00e4re Lerngruppen als Hilfestellung.<\/strong>\r\n<ul>\r\n<li>Diese werden insbesondere dann gebildet, wenn\u00a0Entwicklungsdefizite aufgearbeitet werden sollen \u2013 oder um diesen vorzubeugen.<\/li>\r\n<\/ul>\r\n<\/li>\r\n<li><strong>Gute Einbindung der Sch\u00fcler<\/strong>.\r\n<ul>\r\n<li>Die Einbindung der Sch\u00fcler erfolgt auf verschiedenen Ebenen \u2013 bspw. in Form von Lesepaten, Lernwerkstatt, Sch\u00fclerparlament.<\/li>\r\n<li>In der Anfangszeit \u00fcbernehmen Sch\u00fcler der h\u00f6heren Klassen eine Patenschaft f\u00fcr die neuen Erstkl\u00e4ssler.<\/li>\r\n<\/ul>\r\n<\/li>\r\n<li><strong>Diverse Arbeitsgemeinschaften (AGs)<\/strong>:\r\n<ul>\r\n<li>u.a. T\u00f6pfern, Schulchor, Schach, Kopfball, Trommeln.<\/li>\r\n<\/ul>\r\n<\/li>\r\n<li><strong>Viel Raum f\u00fcr Freizeit<\/strong>.\r\n<ul>\r\n<li>Der Freizeitbereich beinhaltet eine gesamte Schuletage. Zus\u00e4tzlich gibt es Freizeit-Gruppenr\u00e4ume in den Klassen 1 bis 3, die r\u00e4umlich den Klassenzimmern zugeordnet sind.<\/li>\r\n<li>Auch eine Schulb\u00fccherei ist vorhanden.<\/li>\r\n<\/ul>\r\n<\/li>\r\n<li><strong>Viel Haus und Hof<\/strong>.\r\n<ul>\r\n<li>Hofgarten r\u00fcckseitig mit Gem\u00fcse, Kr\u00e4utern und Blumen.<\/li>\r\n<li>Gro\u00dfz\u00fcgige und helle R\u00e4umlichkeiten (inkl. neuer Toiletten).<\/li>\r\n<li>Zwei Sporthallen (auf dem Gel\u00e4nde).<\/li>\r\n<\/ul>\r\n<\/li>\r\n<li><strong>Ausgewogene au\u00dferschulische F\u00f6rderung<\/strong>.\r\n<ul>\r\n<li>Schulfeste, Theaterauf\u00fchrungen, Musikfeste, Ausfl\u00fcge.<\/li>\r\n<li>Langj\u00e4hrige Zusammenarbeit mit Paul-Hindemith Musikschule Neuk\u00f6lln, Zirkus Cabuwazi, Gripstheater <a href=\"https:\/\/rixdorfer.schule.de\/rixdorfer-grundschule\/partner-der-schule\/\" target=\"_blank\" rel=\"noreferrer noopener\" aria-label=\" (\u00f6ffnet in neuem Tab)\">und vielen anderen<\/a>.<\/li>\r\n<li><a href=\"https:\/\/rixdorfer.schule.de\/portfolio-item\/schule-im-wald\/\">Schule im Wald<\/a> \u2013 mehrere Unterrichtstage der 3.\/4. Klassen in der Natur.<\/li>\r\n<\/ul>\r\n<ul>\r\n<li>Zusammenarbeit mit dem F\u00f6rderverein &#8222;Freunde der Rixdorfer Schule&#8220;.<\/li>\r\n<li>Schulf\u00f6rderung durch den Berliner Senat durch &#8222;eEducation Berlin Masterplan&#8220;.<\/li>\r\n<\/ul>\r\n<\/li>\r\n<li><strong>Gro\u00dfes Entgegenkommen auf allen Ebenen.<\/strong>\r\n<ul>\r\n<li>Die Schulleitung ist bereit, sich gemeinsam mit den Eltern f\u00fcr eine diverse Klassenzusammensetzung und gute Durchmischung der Schulklassen einzusetzen.<\/li>\r\n<li>Das gesamte Schulpersonal (Sekretariat, Lehrer, Leitung, Betreuer, Sozialarbeiter) erscheint uns kompetent, nett und engagiert.<\/li>\r\n<li>Die Schule ist f\u00fcr Hospitationen offen.<\/li>\r\n<\/ul>\r\n<\/li>\r\n<\/ul>\r\n\r\n\r\n\r\n<ul>\r\n<li>Lage der Schule in Neuk\u00f6lln:<\/li>\r\n<\/ul>\r\n\r\n\r\n\r\n<p><iframe loading=\"lazy\" style=\"border: 0;\" src=\"https:\/\/www.google.com\/maps\/embed?pb=!1m18!1m12!1m3!1d2429.6833626321973!2d13.429586850365716!3d52.48486854648706!2m3!1f0!2f0!3f0!3m2!1i1024!2i768!4f13.1!3m3!1m2!1s0x47a84fba623badd7%3A0xca01a1e8b6ae8ce4!2sRixdorfer-Grundschule!5e0!3m2!1sde!2sde!4v1563920735884!5m2!1sde!2sde\" width=\"300\" height=\"300\" frameborder=\"0\" allowfullscreen=\"allowfullscreen\"><\/iframe><\/p>\r\n\r\n\r\n\r\n<p><\/p>\r\n<p>&nbsp;<\/p>\r\n\r\n<ul>\r\n<li>\u00dcbersicht der Rixdorfer Grundschule (aus der Brosch\u00fcre <a href=\"https:\/\/www.berlin.de\/ba-neukoelln\/aktuelles\/newsletter\/abteilung-bildung-schule-kultur-und-sport\/neukoelln-macht-grundschule_21_22_web_kl.pdf\" target=\"_blank\" rel=\"noreferrer noopener\">Neuk\u00f6lln macht Grundschule<\/a>)<\/li>\r\n<\/ul>\r\n<p><a href=\"https:\/\/initiative-rixdorfer.org\/wp-content\/uploads\/2020\/09\/Rixdorfer_Grundschule_Grundschulbroschuere.pdf\" target=\"_blank\" rel=\"noopener noreferrer\"><img loading=\"lazy\" class=\"aligncenter\" src=\"http:\/\/initiative-rixdorfer.org\/wp-content\/uploads\/2019\/07\/Rixdorfer_Grundschule_Grundschulbroschuere_Thumb.jpg\" alt=\"Beschreibung der Rixdorfer Grundschule aus der Grundschulbrosch\u00fcre.\" width=\"140\" height=\"198\" \/><\/a><\/p>\r\n<p>\r\n\r\n\r\n\r\n<\/p>\r\n<p>&nbsp;<\/p>\r\n<p><\/p>\r\n<p>&nbsp;<\/p>\r\n<p><\/p>\r\n<ul>\r\n<li>Der Schulwegplan der Rixdorfer Grundschule (aus der Brosch\u00fcre <a href=\"https:\/\/www.berlin.de\/ba-neukoelln\/aktuelles\/newsletter\/abteilung-bildung-schule-kultur-und-sport\/neukoelln-macht-grundschule_21_22_web_kl.pdf\" target=\"_blank\" rel=\"noreferrer noopener\">Neuk\u00f6lln macht Grundschule<\/a>). Das Einzugsgebiet der Rixdorfer Grundschule entspricht nicht mehr dem Schulwegplan.<\/li>\r\n<\/ul>\r\n<p>\r\n\r\n <a href=\"https:\/\/initiative-rixdorfer.org\/wp-content\/uploads\/2020\/09\/Rixdorfer_Grundschule_Einzugsgebiet.pdf\" target=\"_blank\" rel=\"noopener noreferrer\"><img loading=\"lazy\" class=\"aligncenter\" src=\"http:\/\/initiative-rixdorfer.org\/wp-content\/uploads\/2019\/07\/Rixdorfer_Grundschule_Einzugsgebiet_Thumb.jpg\" alt=\"Schulwegplan\" width=\"140\" height=\"198\" \/><\/a> \r\n\r\n<\/p>\r\n<p>&nbsp;<\/p>\r\n<p><\/p>\r\n<p>&nbsp;<\/p>\r\n<p><\/p>\r\n<ul>\r\n<li>Hier geht es zur <a href=\"https:\/\/rixdorfer.schule.de\" target=\"_blank\" rel=\"noreferrer noopener\">Homepage der Rixdorfer Grundschule<\/a>.<\/li>\r\n<\/ul>\r\n<p><\/p>\r\n<p>&nbsp;<\/p>","protected":false},"excerpt":{"rendered":"<p>DIE RIXDORFER GRUNDSCHULE FR\u00dcHER Die Schule wurde in den Jahren 1910 bis 1913 erbaut und war nach ihrer Fertigstellung im Jahre 1914 die erste M\u00e4dchenmittelschule und zugleich gr\u00f6\u00dfte Schule Deutschlands. Sie wurde wie das Neuk\u00f6llner<\/p>\n","protected":false},"author":1,"featured_media":0,"parent":0,"menu_order":0,"comment_status":"closed","ping_status":"closed","template":"","meta":[],"_links":{"self":[{"href":"https:\/\/initiative-rixdorfer.org\/index.php?rest_route=\/wp\/v2\/pages\/12"}],"collection":[{"href":"https:\/\/initiative-rixdorfer.org\/index.php?rest_route=\/wp\/v2\/pages"}],"about":[{"href":"https:\/\/initiative-rixdorfer.org\/index.php?rest_route=\/wp\/v2\/types\/page"}],"author":[{"embeddable":true,"href":"https:\/\/initiative-rixdorfer.org\/index.php?rest_route=\/wp\/v2\/users\/1"}],"replies":[{"embeddable":true,"href":"https:\/\/initiative-rixdorfer.org\/index.php?rest_route=%2Fwp%2Fv2%2Fcomments&post=12"}],"version-history":[{"count":47,"href":"https:\/\/initiative-rixdorfer.org\/index.php?rest_route=\/wp\/v2\/pages\/12\/revisions"}],"predecessor-version":[{"id":529,"href":"https:\/\/initiative-rixdorfer.org\/index.php?rest_route=\/wp\/v2\/pages\/12\/revisions\/529"}],"wp:attachment":[{"href":"https:\/\/initiative-rixdorfer.org\/index.php?rest_route=%2Fwp%2Fv2%2Fmedia&parent=12"}],"curies":[{"name":"wp","href":"https:\/\/api.w.org\/{rel}","templated":true}]}}