{"id":13,"date":"2019-07-04T23:32:10","date_gmt":"2019-07-04T23:32:10","guid":{"rendered":"http:\/\/initiative-rixdorfer.org\/?page_id=13"},"modified":"2021-09-07T21:07:22","modified_gmt":"2021-09-07T21:07:22","slug":"flyer","status":"publish","type":"page","link":"https:\/\/initiative-rixdorfer.org\/?page_id=13","title":{"rendered":"FLYER etc."},"content":{"rendered":"\r\n<h2>Alter Flyer als Beispiel oder Hintergrund f\u00fcr Interessierte<\/h2>\r\n<p class=\"has-small-font-size\"><em><strong>[Zum \u00d6ffnen auf die Bilder klicken.]<\/strong><\/em><\/p>\r\n\r\n\r\n\r\n<ul>\r\n<li>Flyer\/Poster zum anschauen, ausdrucken oder verteilen in der Langversion:<\/li>\r\n<\/ul>\r\n\r\n\r\n\r\n<p><a href=\"https:\/\/initiative-rixdorfer.org\/wp-content\/uploads\/2020\/09\/Flyer_Initiative_Rixdorfer_2020_g.pdf\" target=\"_blank\" rel=\"noopener noreferrer\"><img loading=\"lazy\" src=\"http:\/\/initiative-rixdorfer.org\/wp-content\/uploads\/2019\/07\/Flyer_Initiative_Rixdorfer_Thumb.jpg\" alt=\"Flyer der Initiative Rixdorfer Grundschule in Neuk\u00f6lln\" width=\"140\" height=\"198\" \/><\/a><\/p>\r\n\r\n\r\n\r\n<p>oder der Kurzversion:<\/p>\r\n\r\n\r\n\r\n<p><a href=\"https:\/\/initiative-rixdorfer.org\/wp-content\/uploads\/2020\/09\/Flyer_Initiative_Rixdorfer_Klein_2020_k_4_in_1.pdf\" target=\"_blank\" rel=\"noopener noreferrer\"><img loading=\"lazy\" src=\"http:\/\/initiative-rixdorfer.org\/wp-content\/uploads\/2019\/08\/Flyer_Initiative_Rixdorfer_Klein_4in1_Thumb.jpg\" alt=\"Flyer der Initiative Rixdorfer Grundschule in Neuk\u00f6lln - kleine Version\" width=\"140\" height=\"198\" \/><\/a><\/p>\r\n\r\n<h2>\u00a0<\/h2>\r\n<!--<h2>Newsletter<\/h2>\r\n<p>Nachstehend werden bis auf weiteres unsere Newsletter aufgef\u00fchrt. Fall ihr die unregelm\u00e4\u00dfig erscheinenden Newsletter unmittelbar bekommen m\u00f6chtet, tragt Euch gerne \u00fcber das Kontaktformular ein und setzt ein Kreuz bei \"Newsletter\".<\/p>\r\n<p><a href=\"https:\/\/initiative-rixdorfer.org\/wp-content\/uploads\/2019\/09\/Newsletter1909-1.pdf\">Newsletter 1\/09<\/a><\/p>-->","protected":false},"excerpt":{"rendered":"<p>Alter Flyer als Beispiel oder Hintergrund f\u00fcr Interessierte [Zum \u00d6ffnen auf die Bilder klicken.] Flyer\/Poster zum anschauen, ausdrucken oder verteilen in der Langversion: oder der Kurzversion: \u00a0<\/p>\n","protected":false},"author":1,"featured_media":0,"parent":0,"menu_order":0,"comment_status":"closed","ping_status":"closed","template":"","meta":[],"_links":{"self":[{"href":"https:\/\/initiative-rixdorfer.org\/index.php?rest_route=\/wp\/v2\/pages\/13"}],"collection":[{"href":"https:\/\/initiative-rixdorfer.org\/index.php?rest_route=\/wp\/v2\/pages"}],"about":[{"href":"https:\/\/initiative-rixdorfer.org\/index.php?rest_route=\/wp\/v2\/types\/page"}],"author":[{"embeddable":true,"href":"https:\/\/initiative-rixdorfer.org\/index.php?rest_route=\/wp\/v2\/users\/1"}],"replies":[{"embeddable":true,"href":"https:\/\/initiative-rixdorfer.org\/index.php?rest_route=%2Fwp%2Fv2%2Fcomments&post=13"}],"version-history":[{"count":75,"href":"https:\/\/initiative-rixdorfer.org\/index.php?rest_route=\/wp\/v2\/pages\/13\/revisions"}],"predecessor-version":[{"id":480,"href":"https:\/\/initiative-rixdorfer.org\/index.php?rest_route=\/wp\/v2\/pages\/13\/revisions\/480"}],"wp:attachment":[{"href":"https:\/\/initiative-rixdorfer.org\/index.php?rest_route=%2Fwp%2Fv2%2Fmedia&parent=13"}],"curies":[{"name":"wp","href":"https:\/\/api.w.org\/{rel}","templated":true}]}}