{"id":14,"date":"2019-07-04T23:32:10","date_gmt":"2019-07-04T23:32:10","guid":{"rendered":"http:\/\/initiative-rixdorfer.org\/?page_id=14"},"modified":"2020-09-04T23:47:50","modified_gmt":"2020-09-04T23:47:50","slug":"einschulungsinfos","status":"publish","type":"page","link":"https:\/\/initiative-rixdorfer.org\/?page_id=14","title":{"rendered":"EINSCHULUNG"},"content":{"rendered":"\r\n<p><em>In Deutschland haben Eltern nur eine bedingte Wahlfreiheit bez\u00fcglich der Wahl der Grundschule ihres Kindes. <\/em><\/p>\r\n\r\n\r\n\r\n<p>In den meisten Bundesl\u00e4ndern gilt \u2013 wie in Berlin \u2013 das sogenannte Schulsprengelprinzip, das im Grunde besagt, dass ein Kind in der Einzugsgebietsschule schulpflichtig wird. Frei nach dem Motto: kurze Beine, kurze Wege.<\/p>\r\n\r\n\r\n\r\n<p>Demnach wird das Vorschulkind von der zust\u00e4ndigen Schulbeh\u00f6rde zun\u00e4chst derjenigen \u00f6ffentlichen Schule (Einzugsschule) zugewiesen, in deren Einzugsgebiet die Familie wohnt. Zwar k\u00f6nnen Eltern auf private Schulen ausweichen oder, wenn pers\u00f6nliche Gr\u00fcnde gegen die zugewiesene Schule sprechen, beim Schulamt die Einschulung an einer anderen \u00f6ffentlichen Schule beantragen. Daf\u00fcr m\u00fcssen jedoch grunds\u00e4tzlich gen\u00fcgend freie Pl\u00e4tze auf der Wunschschule zur Verf\u00fcgung stehen.\u00a0<\/p>\r\n\r\n\r\n\r\n<p>Eltern k\u00f6nnen bei der Schulanmeldung angeben, dass sie ihr Kind auf eine andere als die Einzugsschule schicken m\u00f6chten. Daf\u00fcr m\u00fcssen Eltern gegen\u00fcber dem Schulamt erkl\u00e4ren, welche Gr\u00fcnde gegen die Einschulung in der zugewiesenen Einzugsschule sprechen. Die Gr\u00fcnde f\u00fcr einen Umschulungsantrag k\u00f6nnen vielf\u00e4ltig sein. Doch nicht alle privaten Gr\u00fcnde k\u00f6nnen als offizielle Begr\u00fcndung dienen \u2013 dazu weiter unten mehr.<\/p>\r\n\r\n\r\n\r\n<p>UMSCHULUNGSANTRAG<br \/>Um ihr Kind an einer anderen als der Einzugsschule einschulen zu lassen, k\u00f6nnen Eltern einen Umschulungsantrag stellen. Dabei m\u00fcssen sie pers\u00f6nliche Gr\u00fcnde angeben. \u00dcber die Anerkennung des Umschulungswunsches entscheidet das Schulamt nach Eingang der Schulanmeldung inklusive Umschulungsantrag.<\/p>\r\n\r\n\r\n\r\n<p>Wir beraten Euch gerne zu den Antr\u00e4gen. Meldet Euch einfach via Kontaktformular oder schreibt uns eine E-Mail an: kontakt@initiative-rixdorfer.org. Ein Beispiel f\u00fcr einen Umschulungsantrag findet ihr <a href=\"https:\/\/www.berlin.de\/ba-treptow-koepenick\/_assets\/aemter-und-se\/schul-und-sportamt\/schule\/pdf\/schul-123_aufnahme-andere-gs_ausfuellbar.pdf\" target=\"_blank\" rel=\"noreferrer noopener\" aria-label=\" (\u00f6ffnet in neuem Tab)\">hier<\/a>.<\/p>\r\n\r\n\r\n\r\n<p>WANN?<br \/>Der Zeitraum f\u00fcr die Schulanmeldung liegt dieses Jahr zwischen dem 28. September 2020 und dem 9. Oktober 2020.<\/p>\r\n\r\n\r\n\r\n<p>WIE?<br \/>Gr\u00fcnde, die Eltern gegen die beh\u00f6rdliche Zuweisung anf\u00fchren k\u00f6nnen sind: <br \/>i) Das p\u00e4dagogische Konzept entspricht nicht den Vorstellungen der Familie. <br \/>ii) Die private Betreuung des Kindes ist an der anderen Schule einfacher zu gew\u00e4hrleisten. <br \/>iii) Das Ganztagesmodell passt besser zur Familiensituation. <br \/>Weitere Informationen zu den Umschulungsgr\u00fcnden finden sich <a href=\"https:\/\/www.berlin.de\/ba-treptow-koepenick\/politik-und-verwaltung\/aemter\/schul-und-sportamt\/schule\/artikel.129113.php\" target=\"_blank\" rel=\"noreferrer noopener\" aria-label=\" (\u00f6ffnet in neuem Tab)\">hier<\/a>.<\/p>\r\n\r\n\r\n\r\n<p>WO?<br \/>Eure Einzugsschule k\u00f6nnt Ihr <a href=\"https:\/\/www.bildung.berlin.de\/Umkreissuche\/\" target=\"_blank\" rel=\"noreferrer noopener\" aria-label=\" (\u00f6ffnet in neuem Tab)\">hier<\/a> herausfinden. Alle Schulen Berlins finden sich <a href=\"https:\/\/www.berlin.de\/sen\/bildung\/schule\/berliner-schulen\/schulverzeichnis\/\">hier<\/a>.<\/p>\r\n\r\n\r\n\r\n<p>SCHULPFLICHT<br \/>Jedes Kind, dass innerhalb des Zeitraums vom <strong>1. Oktober 2014 bis (einschlie\u00dflich) 30. September 2015\u00a0<\/strong><strong>\u00a0<\/strong>geboren wurde, wird 2021 schulpflichtig. Demnach wird Euer Kind grunds\u00e4tzlich im Jahr 2021 schulpflichtig, wenn es zwischen dem 1. Oktober 2020 und dem 30. September 2021 Geburtstag hat und sechs Jahre alt wird.<\/p>\r\n\r\n\r\n\r\n<p>SCHULUNTERSUCHUNG<br \/>Nach der Anmeldung wird das Kind durch den Kinder- und Jugendgesundheitsdienst schul\u00e4rztlich untersucht. Den Termin f\u00fcr die Untersuchung erh\u00e4lt man bei der Schulanmeldung.<\/p>\r\n\r\n\r\n\r\n<p>WEITERE INFORMATIONEN<br \/>Informationen zur <a href=\"https:\/\/www.berlin.de\/sen\/bildung\/schule\/bildungswege\/grundschule\/anmeldung\/\" target=\"_blank\" rel=\"noreferrer noopener\" aria-label=\" (\u00f6ffnet in neuem Tab)\">Anmeldung der Schulanf\u00e4nger<\/a> auf den Berliner Senatsseiten.<\/p>\r\n","protected":false},"excerpt":{"rendered":"<p>In Deutschland haben Eltern nur eine bedingte Wahlfreiheit bez\u00fcglich der Wahl der Grundschule ihres Kindes. In den meisten Bundesl\u00e4ndern gilt \u2013 wie in Berlin \u2013 das sogenannte Schulsprengelprinzip, das im Grunde besagt, dass ein Kind<\/p>\n","protected":false},"author":1,"featured_media":0,"parent":0,"menu_order":0,"comment_status":"closed","ping_status":"closed","template":"","meta":[],"_links":{"self":[{"href":"https:\/\/initiative-rixdorfer.org\/index.php?rest_route=\/wp\/v2\/pages\/14"}],"collection":[{"href":"https:\/\/initiative-rixdorfer.org\/index.php?rest_route=\/wp\/v2\/pages"}],"about":[{"href":"https:\/\/initiative-rixdorfer.org\/index.php?rest_route=\/wp\/v2\/types\/page"}],"author":[{"embeddable":true,"href":"https:\/\/initiative-rixdorfer.org\/index.php?rest_route=\/wp\/v2\/users\/1"}],"replies":[{"embeddable":true,"href":"https:\/\/initiative-rixdorfer.org\/index.php?rest_route=%2Fwp%2Fv2%2Fcomments&post=14"}],"version-history":[{"count":18,"href":"https:\/\/initiative-rixdorfer.org\/index.php?rest_route=\/wp\/v2\/pages\/14\/revisions"}],"predecessor-version":[{"id":477,"href":"https:\/\/initiative-rixdorfer.org\/index.php?rest_route=\/wp\/v2\/pages\/14\/revisions\/477"}],"wp:attachment":[{"href":"https:\/\/initiative-rixdorfer.org\/index.php?rest_route=%2Fwp%2Fv2%2Fmedia&parent=14"}],"curies":[{"name":"wp","href":"https:\/\/api.w.org\/{rel}","templated":true}]}}