{"id":43,"date":"2019-07-08T15:30:26","date_gmt":"2019-07-08T15:30:26","guid":{"rendered":"http:\/\/initiative-rixdorfer.org\/?page_id=43"},"modified":"2022-05-10T13:07:43","modified_gmt":"2022-05-10T13:07:43","slug":"ueber-uns","status":"publish","type":"page","link":"https:\/\/initiative-rixdorfer.org\/","title":{"rendered":"DIE RIXDORFER GRUNDSCHULE IST EINE SCHULE F\u00dcR ALLE"},"content":{"rendered":"\r\n<p><strong>Aus unserer Sicht ist die Rixdorfer Grundschule schon jetzt eine Schule f\u00fcr alle.<\/strong><\/p>\r\n<p>Wir sind eine Gruppe von Eltern aus Neuk\u00f6lln, die sich im Jahr 2018 gemeinsam f\u00fcr die <a href=\"https:\/\/initiative-rixdorfer.org\/?page_id=12\">Rixdorfer Grundschule<\/a> entschieden haben. Nach diversen Hospitationen und reiflicher \u00dcberlegung haben wir unsere (aus verschiedenen Einzugsgebieten stammenden) Kinder\u00a0f\u00fcr das Schuljahr 2019\/20 an der Rixdorfer Grundschule (in der Donaustra\u00dfe 120 im Berliner Stadtteil Neuk\u00f6lln) angemeldet. Mittlerweile k\u00f6nnen wir berichten, dass sich die Kinder wohlf\u00fchlen, und so kam f\u00fcr das neue Schuljahr 2020\/21 auch die \u201ezweite Generation\u201c Kinder von uns und weiteren Eltern dazu.\u00a0Auch in diesem Schuljahr haben sich einige Eltern wieder bewusst f\u00fcr die Rixdorfer Schule entschieden. Bei Bedarf unterst\u00fctzen oder beraten wir gerne.<\/p>\r\n<p>\r\n\r\n<\/p>\r\n<p>\r\n\r\n<\/p>\r\n<p>\r\n\r\n<\/p>\r\n<p>Wir hoffen, Euch mit unseren Erfahrungen dabei unterst\u00fctzen zu k\u00f6nnen, dass Ihr die Schule vorurteilsfrei anschauen k\u00f6nnt. Vielleicht \u00fcberzeugen Euch <a href=\"https:\/\/initiative-rixdorfer.org\/?page_id=12\">die Angebote vor Ort<\/a>, das engagierte Kollegium und das Schulkonzept.\u00a0<\/p>\r\n<p>\r\n\r\n<\/p>\r\n<p>Wir kommen auch gerne zu Euch in den Kindergarten, um \u00fcber unsere Erfahrungen, den Anmeldungsprozess, die Schule oder \u00fcber unsere Elterninitiative zu sprechen.<\/p>\r\n<p>\r\n\r\n<\/p>\r\n<p><b>Wir sind \u00fcberzeugt<\/b>, dass alle Kinder von Diversit\u00e4t in der Schule profitieren.\u00a0Die Kinder der Rixdorfer Grundschule leben und lernen gemeinsam in unserem Kiez. Daf\u00fcr unterst\u00fctzen wir die Schule unter anderem in den Gremien und im allt\u00e4glichen Lernen ehrenamtlich.<\/p>\r\n<h2>Weitere Infos:<\/h2>\r\n<p>Meldet Euch einfach per <a href=\"https:\/\/initiative-rixdorfer.org\/?page_id=351\">Kontaktformular<\/a>, Telefon, E-Mail oder Messenger (Telegram, WhatsApp), wenn Ihr Fragen habt. <strong>Derzeit leider nur per E-Mail!<\/strong><\/p>\r\n<p>\r\n\r\n<\/p>\r\n<p>Gebt diese Informationen gerne\u00a0an interessierte Eltern weiter.<\/p>\r\n<p>\r\n\r\n<\/p>\r\n<p>Auf den anderen Seiten unserer Homepage finden sich weitere Informationen zur <a href=\"https:\/\/initiative-rixdorfer.org\/?page_id=12\">Schule<\/a>, zum Prozess der <a href=\"https:\/\/initiative-rixdorfer.org\/?page_id=14\">Einschulung und Umschulung<\/a>, zu anstehenden <a href=\"https:\/\/initiative-rixdorfer.org\/?page_id=14\">Terminen<\/a> und <a href=\"https:\/\/initiative-rixdorfer.org\/?page_id=61\">uns<\/a>.<\/p>\r\n<p>\r\n\r\n<\/p>\r\n<h2><strong>Save the Date und kommt vorbei:<\/strong><\/h2>\r\n<p>\r\n\r\n<\/p>\r\n<h3 style=\"text-align: center;\"><strong><span style=\"color: #ff0000;\">1.<\/span><\/strong><\/h3>\r\n<h3 style=\"text-align: center;\"><strong><span style=\"color: #ff0000;\">TAG DER OFFENEN T\u00dcR<\/span><\/strong><\/h3>\r\n<h3 style=\"text-align: center;\"><strong><span style=\"color: #ff0000;\">&#8211; RIXDORFER GRUNDSCHULE &#8211;<\/span><\/strong><\/h3>\r\n<h3 style=\"text-align: center;\"><strong><span style=\"color: #ff0000;\">13. Mai 2022 \/ Freitag<\/span><\/strong><\/h3>\r\n<h3 style=\"text-align: center;\"><strong><span style=\"color: #ff0000;\">9:45 Uhr bis 16:30 Uhr<\/span><\/strong><\/h3>\r\n<h3 style=\"text-align: center;\"><strong><span style=\"color: #ff0000;\">9:45-13:15: F\u00fchrungen von Kindern und offene R\u00e4ume am Vormittag<\/span><\/strong><strong><span style=\"color: #ff0000;\">\u00a0<\/span><\/strong><\/h3>\r\n<h3 style=\"text-align: center;\"><strong><span style=\"color: #ff0000;\">15-16:30 Uhr: Diskussionsrunde mit der Schule<\/span><\/strong><\/h3>\r\n<p>&nbsp;<\/p>\r\n<h3 style=\"text-align: center;\"><strong><span style=\"color: #ff0000;\">2.<\/span><\/strong><\/h3>\r\n<h3 style=\"text-align: center;\"><strong><span style=\"color: #ff0000;\">SOMMERFEST<\/span><\/strong><\/h3>\r\n<h3 style=\"text-align: center;\"><strong><span style=\"color: #ff0000;\">&#8211; RIXDORFER GRUNDSCHULE &#8211;<\/span><\/strong><\/h3>\r\n<h3 style=\"text-align: center;\"><strong><span style=\"color: #ff0000;\">31. Mai 2022 \/ Dienstag<\/span><\/strong><\/h3>\r\n<h3 style=\"text-align: center;\"><strong><span style=\"color: #ff0000;\">&#8230;inkl. Kinderspa\u00df in der Donaustra\u00dfe vor der Schule<\/span><\/strong><strong><span style=\"color: #ff0000;\">\u00a0<\/span><\/strong><\/h3>\r\n<h3 style=\"text-align: center;\"><strong><span style=\"color: #ff0000;\">&#8230;weitere Infos folgen bald<\/span><\/strong><\/h3>\r\n<p>\r\n\r\n<\/p>\r\n<ul>\r\n<li>Weitere Infos zu anstehenden Terminen\u00a0<a href=\"https:\/\/initiative-rixdorfer.org\/?page_id=10\">hier<\/a>.<\/li>\r\n<\/ul>\r\n<p>&nbsp;<\/p>\r\n<p><strong>Presse:<\/strong><\/p>\r\n<p><b>&#8222;<a href=\"https:\/\/www.tagesspiegel.de\/berlin\/schule\/rixdorfer-grundschule-elterninitiative-kaempft-gegen-vorurteile\/25021236.html\">Elterninitiative k\u00e4mpft gegen Vorurteile<\/a>&#8220; <\/b> <br \/>Artikel im Tagesspiegel zur Initiative (inkl. \u201eschr\u00e4gem\u201c Bild).<\/p>\r\n<p>&#8222;<a href=\"https:\/\/www.donaustrasse-nord.de\/index.php?id=94&amp;L=0&amp;tx_news_pi1%5Bnews%5D=121&amp;tx_news_pi1%5Bday%5D=17&amp;tx_news_pi1%5Bmonth%5D=12&amp;tx_news_pi1%5Byear%5D=2020&amp;tx_news_pi1%5B%40widget_0%5D%5BcurrentPage%5D=10&amp;cHash=9a8ff95ef49ff14af48b4f8e3b360107\">Wider die Schulflucht<\/a>&#8220; <br \/>Artikel auf den Seiten des Quartiersmanagements Donaustra\u00dfe-Nord.<\/p>\r\n<p>&#8222;<a href=\"https:\/\/www.donaustrasse-nord.de\/index.php?id=149&amp;tx_news_pi1%5Bnews%5D=96&amp;tx_news_pi1%5Bday%5D=25&amp;tx_news_pi1%5Bmonth%5D=9&amp;tx_news_pi1%5Byear%5D=2020&amp;cHash=52c3f6743aebbbe373ef5f877c49a88c\">Von der strengen M\u00e4dchenschule zur lebendigen Kiezschule<\/a>&#8220; <br \/>Artikel auf den Seiten des Quartiersmanagements Donaustra\u00dfe-Nord zur Schule und einem Tag der offenen T\u00fcr.<\/p>\r\n<p>&#8212;<\/p>\r\n<p>Eine <a href=\"https:\/\/www.ardmediathek.de\/video\/unser-leben\/die-beste-schule-fuer-mein-kind\/rbb-fernsehen\/Y3JpZDovL3JiYi1vbmxpbmUuZGUvdW5zZXJsZWJlbi8yMDIxLTA2LTEyVDE3OjIwOjAwXzViMzU1YTMwLTYwZGItNDM2MS05ZmY0LTk4MjIyNDU5OGQ0ZS9kaWUtYmVzdGUtc2NodWxlLWZ1ZXItbWVpbi1raW5kLXJiYg\/\">Reportage des rbb<\/a> zur Schulwahl, die teils an unserer Schule gefilmt wurde, findet ihr hier.<\/p>\r\n<p><\/p>","protected":false},"excerpt":{"rendered":"<p>Aus unserer Sicht ist die Rixdorfer Grundschule schon jetzt eine Schule f\u00fcr alle. Wir sind eine Gruppe von Eltern aus Neuk\u00f6lln, die sich im Jahr 2018 gemeinsam f\u00fcr die Rixdorfer Grundschule entschieden haben. Nach diversen<\/p>\n","protected":false},"author":1,"featured_media":0,"parent":0,"menu_order":0,"comment_status":"closed","ping_status":"closed","template":"","meta":[],"_links":{"self":[{"href":"https:\/\/initiative-rixdorfer.org\/index.php?rest_route=\/wp\/v2\/pages\/43"}],"collection":[{"href":"https:\/\/initiative-rixdorfer.org\/index.php?rest_route=\/wp\/v2\/pages"}],"about":[{"href":"https:\/\/initiative-rixdorfer.org\/index.php?rest_route=\/wp\/v2\/types\/page"}],"author":[{"embeddable":true,"href":"https:\/\/initiative-rixdorfer.org\/index.php?rest_route=\/wp\/v2\/users\/1"}],"replies":[{"embeddable":true,"href":"https:\/\/initiative-rixdorfer.org\/index.php?rest_route=%2Fwp%2Fv2%2Fcomments&post=43"}],"version-history":[{"count":73,"href":"https:\/\/initiative-rixdorfer.org\/index.php?rest_route=\/wp\/v2\/pages\/43\/revisions"}],"predecessor-version":[{"id":531,"href":"https:\/\/initiative-rixdorfer.org\/index.php?rest_route=\/wp\/v2\/pages\/43\/revisions\/531"}],"wp:attachment":[{"href":"https:\/\/initiative-rixdorfer.org\/index.php?rest_route=%2Fwp%2Fv2%2Fmedia&parent=43"}],"curies":[{"name":"wp","href":"https:\/\/api.w.org\/{rel}","templated":true}]}}